{"id":24,"date":"2019-04-02T18:38:34","date_gmt":"2019-04-02T16:38:34","guid":{"rendered":"http:\/\/paginas.facmed.unam.mx\/programas\/eybfm\/?page_id=24"},"modified":"2026-03-24T15:48:13","modified_gmt":"2026-03-24T14:48:13","slug":"nosotros","status":"publish","type":"page","link":"https:\/\/eticaybioetica.facmed.unam.mx\/index.php\/nosotros\/","title":{"rendered":"Qui\u00e9nes somos"},"content":{"rendered":"[et_pb_section fb_built=\u00bb1&#8243; _builder_version=\u00bb4.16&#8243; global_colors_info=\u00bb{}\u00bb][et_pb_row column_structure=\u00bb1_4,3_4&#8243; use_custom_gutter=\u00bbon\u00bb gutter_width=\u00bb2&#8243; make_equal=\u00bbon\u00bb _builder_version=\u00bb4.22.1&#8243; background_color=\u00bbRGBA(255,255,255,0)\u00bb background_size=\u00bbinitial\u00bb background_position=\u00bbtop_left\u00bb background_repeat=\u00bbrepeat\u00bb width=\u00bb79%\u00bb max_width=\u00bb1438px\u00bb custom_margin=\u00bb|auto||344px|false|\u00bb hover_enabled=\u00bb0&#8243; box_shadow_style=\u00bbpreset2&#8243; global_colors_info=\u00bb{}\u00bb sticky_enabled=\u00bb0&#8243;][et_pb_column type=\u00bb1_4&#8243; _builder_version=\u00bb4.16&#8243; custom_padding=\u00bb|||\u00bb global_colors_info=\u00bb{}\u00bb custom_padding__hover=\u00bb|||\u00bb][et_pb_image src=\u00bbhttps:\/\/eticaybioetica.facmed.unam.mx\/wp-content\/uploads\/2025\/06\/bioetica-con-perspetiva-de-g-1.webp\u00bb title_text=\u00bbbioetica-con-perspetiva-de-g-1&#8243; _builder_version=\u00bb4.22.1&#8243; _module_preset=\u00bbdefault\u00bb hover_enabled=\u00bb0&#8243; global_colors_info=\u00bb{}\u00bb width=\u00bb100%\u00bb box_shadow_style=\u00bbpreset2&#8243; min_height=\u00bb167px\u00bb height=\u00bb141px\u00bb sticky_enabled=\u00bb0&#8243;][\/et_pb_image][\/et_pb_column][et_pb_column type=\u00bb3_4&#8243; _builder_version=\u00bb4.16&#8243; custom_padding=\u00bb|||\u00bb global_colors_info=\u00bb{}\u00bb custom_padding__hover=\u00bb|||\u00bb][et_pb_text _builder_version=\u00bb4.16&#8243; background_size=\u00bbinitial\u00bb background_position=\u00bbtop_left\u00bb background_repeat=\u00bbrepeat\u00bb custom_margin=\u00bb|50px||||\u00bb global_colors_info=\u00bb{}\u00bb]<p><span style=\"color: #bde491; font-weight: bold; font-size: 50px;\">\u00c9tica<\/span> <span style=\"color: #91d2dc; font-weight: bold; font-size: 50px;\">y<\/span> <span style=\"color: #c090c5; font-weight: bold; font-size: 50px;\">Bio\u00e9tica<\/span> <span style=\"color: #123456; font-weight: 900; font-size: 50px;\">FACMED<\/span><\/p>\n<p style=\"text-align: justify; font-size: 17px;\">El <span style=\"color: #91d2dc;\">Programa Insitucional de \u00c9tica y Bio\u00e9tica FACMED<\/span> es una iniciativa de la Direcci\u00f3n y la Secretar\u00eda General de la Facultad de Medicina que tiene como objetivos principales fomentar en los miembros de comunidad de la Facultad de Medicina una actitud \u00e9tica y bio\u00e9tica que gu\u00ede sus desempe\u00f1os acad\u00e9micos y profesionales, adem\u00e1s promover reflexiones sobre la \u00e9tica y bio\u00e9tica a partir de tem\u00e1ticas y din\u00e1micas aplicables de manera transversal a toda la comunidad de la Facultad de Medicina.<\/p>\n<p style=\"text-align: justify; font-size: 17px;\">El programa institucional \u201c\u00c9tica y Bio\u00e9tica FACMED\u201d responde a este prop\u00f3sito a trav\u00e9s de distintas actividades, de las que se espera la promoci\u00f3n de la \u00e9tica y la bio\u00e9tica de manera multifactorial, de modo que se pueda evidenciar su aplicabilidad en distintos contextos, generando reflexiones que trasciendan los espacios de aprendizaje formal.<\/p>\n<p>&nbsp;<\/p>\n<p style=\"text-align: justify; font-size: 25px;\"><a href=\"http:\/\/www.facmed.unam.mx\/index.php?id_sec=1&amp;id_contenido=0001_direccion\" target=\"_blank\" rel=\"noopener noreferrer\">Direcci\u00f3n FM<\/a><\/p>\n<p style=\"text-align: justify; font-size: 25px;\"><a href=\"http:\/\/www.facmed.unam.mx\/index.php?id_sec=1&amp;id_contenido=0001_se_ge\" target=\"_blank\" rel=\"noopener noreferrer\">Secretar\u00eda General<\/a><\/p>[\/et_pb_text][\/et_pb_column][\/et_pb_row][\/et_pb_section]","protected":false},"excerpt":{"rendered":"<p>\u00c9tica y Bio\u00e9tica FACMED El Programa Insitucional de \u00c9tica y Bio\u00e9tica FACMED es una iniciativa de la Direcci\u00f3n y la Secretar\u00eda General de la Facultad de Medicina que tiene como objetivos principales fomentar en los miembros de comunidad de la Facultad de Medicina una actitud \u00e9tica y bio\u00e9tica que gu\u00ede sus desempe\u00f1os acad\u00e9micos y profesionales, [&hellip;]<\/p>\n","protected":false},"author":1,"featured_media":0,"parent":0,"menu_order":0,"comment_status":"closed","ping_status":"closed","template":"","meta":{"_et_pb_use_builder":"on","_et_pb_old_content":"<!-- wp:divi\/placeholder \/-->\r\n<p><span style=\"color: #bde491; font-weight: bold; font-size: 50px;\">\u00c9tica<\/span> <span style=\"color: #91d2dc; font-weight: bold; font-size: 50px;\">y<\/span> <span style=\"color: #c090c5; font-weight: bold; font-size: 50px;\">Bio\u00e9tica<\/span> <span style=\"color: #123456; font-weight: 900; font-size: 50px;\">FACMED<\/span><\/p>\r\n<p style=\"text-align: justify; font-size: 25px;\">El <span style=\"color: #91d2dc;\">Programa Insitucional \u00c9tica y Biom\u00e9dica FACMED<\/span> es una iniciativa de la Direcci\u00f3n y la Secretar\u00eda General de la Facultad de Medicina que tiene como objetivos principales fomentar en los miembros de comunidad de la Facultad de Medicina una actitud \u00e9tica y bio\u00e9tica que gu\u00ede sus desempe\u00f1os acad\u00e9micos y profesionales, adem\u00e1s promover reflexiones sobre la \u00e9tica y bio\u00e9tica a partir de tem\u00e1ticas y din\u00e1micas aplicables de manera transversal a toda la comunidad de la Facultad de Medicina.<\/p>\r\n<p style=\"text-align: justify; font-size: 25px;\">La Facultad de Medicina de la Universidad Nacional Aut\u00f3noma de M\u00e9xico tiene como uno de sus principales objetivos la formaci\u00f3n de profesionales \u00e9ticos dotados de aptitudes y capacidades orientadas positivamente a su participaci\u00f3n en los contextos sociales mexicanos e internacionales.<\/p>\r\n<p style=\"text-align: justify; font-size: 25px;\">El programa institucional \u201c\u00c9tica y Bio\u00e9tica FACMED\u201d responde a este prop\u00f3sito a trav\u00e9s de distintas actividades, de las que se espera la promoci\u00f3n de la \u00e9tica y la bio\u00e9tica de manera multifactorial, de modo que se pueda evidenciar su aplicabilidad en distintos contextos, generando reflexiones que trasciendan los espacios de aprendizaje formal.<\/p>\r\n<p>\u00a0<\/p>\r\n<p style=\"text-align: justify; font-size: 25px;\"><a href=\"http:\/\/www.facmed.unam.mx\/index.php?id_sec=1&id_contenido=0001_direccion\" target=\"_blank\" rel=\"noopener noreferrer\">Direcci\u00f3n FM<\/a><br \/><a href=\"http:\/\/www.facmed.unam.mx\/index.php?id_sec=1&id_contenido=0001_se_ge\" target=\"_blank\" rel=\"noopener noreferrer\">Secretar\u00eda General<\/a><br \/><br \/><\/p>","_et_gb_content_width":"","footnotes":""},"class_list":["post-24","page","type-page","status-publish","hentry"],"jetpack-related-posts":[],"jetpack_sharing_enabled":true,"_links":{"self":[{"href":"https:\/\/eticaybioetica.facmed.unam.mx\/index.php\/wp-json\/wp\/v2\/pages\/24","targetHints":{"allow":["GET"]}}],"collection":[{"href":"https:\/\/eticaybioetica.facmed.unam.mx\/index.php\/wp-json\/wp\/v2\/pages"}],"about":[{"href":"https:\/\/eticaybioetica.facmed.unam.mx\/index.php\/wp-json\/wp\/v2\/types\/page"}],"author":[{"embeddable":true,"href":"https:\/\/eticaybioetica.facmed.unam.mx\/index.php\/wp-json\/wp\/v2\/users\/1"}],"replies":[{"embeddable":true,"href":"https:\/\/eticaybioetica.facmed.unam.mx\/index.php\/wp-json\/wp\/v2\/comments?post=24"}],"version-history":[{"count":23,"href":"https:\/\/eticaybioetica.facmed.unam.mx\/index.php\/wp-json\/wp\/v2\/pages\/24\/revisions"}],"predecessor-version":[{"id":1913,"href":"https:\/\/eticaybioetica.facmed.unam.mx\/index.php\/wp-json\/wp\/v2\/pages\/24\/revisions\/1913"}],"wp:attachment":[{"href":"https:\/\/eticaybioetica.facmed.unam.mx\/index.php\/wp-json\/wp\/v2\/media?parent=24"}],"curies":[{"name":"wp","href":"https:\/\/api.w.org\/{rel}","templated":true}]}}