{"id":26,"date":"2019-04-02T18:38:51","date_gmt":"2019-04-02T16:38:51","guid":{"rendered":"http:\/\/paginas.facmed.unam.mx\/programas\/eybfm\/?page_id=26"},"modified":"2026-03-24T20:48:21","modified_gmt":"2026-03-24T19:48:21","slug":"eventos","status":"publish","type":"page","link":"https:\/\/eticaybioetica.facmed.unam.mx\/index.php\/eventos\/","title":{"rendered":"Eventos"},"content":{"rendered":"<p>[et_pb_section fb_built=\u00bb1&#8243; admin_label=\u00bbSecci\u00f3n\u00bb _builder_version=\u00bb4.22.1&#8243; _module_preset=\u00bbdefault\u00bb global_colors_info=\u00bb{}\u00bb][et_pb_row column_structure=\u00bb1_3,1_3,1_3&#8243; _builder_version=\u00bb4.22.1&#8243; _module_preset=\u00bbdefault\u00bb background_color=\u00bbRGBA(255,255,255,0)\u00bb global_colors_info=\u00bb{}\u00bb][et_pb_column type=\u00bb1_3&#8243; _builder_version=\u00bb4.22.1&#8243; _module_preset=\u00bbdefault\u00bb global_colors_info=\u00bb{}\u00bb][et_pb_image src=\u00bbhttps:\/\/eticaybioetica.facmed.unam.mx\/wp-content\/uploads\/2026\/03\/Objetivo-6.-Agenda-de-Salud-Sostenible.-2.png\u00bb title_text=\u00bbObjetivo 6. Agenda de Salud Sostenible. (2)\u00bb _builder_version=\u00bb4.22.1&#8243; _module_preset=\u00bbdefault\u00bb global_colors_info=\u00bb{}\u00bb][\/et_pb_image][et_pb_text _builder_version=\u00bb4.22.1&#8243; _module_preset=\u00bbdefault\u00bb text_font=\u00bbRoboto||||||||\u00bb text_line_height=\u00bb1.5em\u00bb custom_margin=\u00bb-12px||||false|false\u00bb text_text_shadow_style=\u00bbpreset1&#8243; global_colors_info=\u00bb{}\u00bb]<\/p>\n<h2 style=\"text-align: center;\"><span style=\"color: #003366;\">CONFERENCIAS VIRTUALES<\/span><\/h2>\n<p>[\/et_pb_text][\/et_pb_column][et_pb_column type=\u00bb1_3&#8243; _builder_version=\u00bb4.22.1&#8243; _module_preset=\u00bbdefault\u00bb global_colors_info=\u00bb{}\u00bb][et_pb_image src=\u00bbhttps:\/\/eticaybioetica.facmed.unam.mx\/wp-content\/uploads\/2026\/03\/Conferencias-presenciales-de-bioetica.png\u00bb alt=\u00bbLa mentira y la medicina\u00bb title_text=\u00bbConferencias presenciales de bio\u00e9tica\u00bb _builder_version=\u00bb4.22.1&#8243; _module_preset=\u00bbdefault\u00bb global_colors_info=\u00bb{}\u00bb][\/et_pb_image][et_pb_text _builder_version=\u00bb4.22.1&#8243; _module_preset=\u00bbdefault\u00bb text_font=\u00bbRoboto||||||||\u00bb text_font_size=\u00bb13px\u00bb text_line_height=\u00bb1em\u00bb text_orientation=\u00bbcenter\u00bb custom_padding=\u00bb|||1px||\u00bb text_text_shadow_style=\u00bbpreset2&#8243; text_text_shadow_color=\u00bb#00457A\u00bb global_colors_info=\u00bb{}\u00bb]<\/p>\n<h2><span style=\"color: #003366;\">CONFERENCIAS MENSUALES<\/span><\/h2>\n<p>[\/et_pb_text][\/et_pb_column][et_pb_column type=\u00bb1_3&#8243; _builder_version=\u00bb4.22.1&#8243; _module_preset=\u00bbdefault\u00bb global_colors_info=\u00bb{}\u00bb][et_pb_image src=\u00bbhttps:\/\/eticaybioetica.facmed.unam.mx\/wp-content\/uploads\/2026\/03\/Flyer-Ethinkers-1.png\u00bb title_text=\u00bbFlyer Ethinkers\u00bb _builder_version=\u00bb4.22.1&#8243; _module_preset=\u00bbdefault\u00bb width=\u00bb90%\u00bb min_height=\u00bb316px\u00bb height=\u00bb404px\u00bb custom_margin=\u00bb||0px|||\u00bb global_colors_info=\u00bb{}\u00bb][\/et_pb_image][et_pb_text _builder_version=\u00bb4.22.1&#8243; _module_preset=\u00bbdefault\u00bb text_line_height=\u00bb1.4em\u00bb custom_margin=\u00bb41px||||false|false\u00bb custom_padding=\u00bb|33px||||\u00bb text_text_shadow_style=\u00bbpreset2&#8243; global_colors_info=\u00bb{}\u00bb]<\/p>\n<h2 style=\"text-align: center;\"><span style=\"color: #003366;\">C\u00cdRCULOS DE REFLEXI\u00d3N<\/span><\/h2>\n<p>[\/et_pb_text][\/et_pb_column][\/et_pb_row][et_pb_row _builder_version=\u00bb4.22.1&#8243; _module_preset=\u00bbdefault\u00bb background_color=\u00bb#053967&#8243; width=\u00bb100%\u00bb max_width=\u00bb2335px\u00bb max_height=\u00bb797px\u00bb custom_margin=\u00bb-22px||0px||false|false\u00bb global_colors_info=\u00bb{}\u00bb][et_pb_column type=\u00bb4_4&#8243; _builder_version=\u00bb4.22.1&#8243; _module_preset=\u00bbdefault\u00bb global_colors_info=\u00bb{}\u00bb][et_pb_text _builder_version=\u00bb4.22.1&#8243; _module_preset=\u00bbdefault\u00bb hover_enabled=\u00bb0&#8243; global_colors_info=\u00bb{}\u00bb sticky_enabled=\u00bb0&#8243;]<\/p>\n<h2 style=\"text-align: center;\"><span style=\"color: #ffffff;\">CONFERENCIAS Y ACTIVIDADES PRESENCIALES<\/span><\/h2>\n<p>[\/et_pb_text][\/et_pb_column][\/et_pb_row][et_pb_row column_structure=\u00bb1_4,1_4,1_4,1_4&#8243; use_custom_gutter=\u00bbon\u00bb make_equal=\u00bbon\u00bb _builder_version=\u00bb4.22.1&#8243; _module_preset=\u00bbdefault\u00bb background_color=\u00bbRGBA(255,255,255,0)\u00bb width=\u00bb95%\u00bb max_width=\u00bb1518px\u00bb custom_margin=\u00bb|auto||173px||\u00bb box_shadow_style=\u00bbpreset2&#8243; global_colors_info=\u00bb{}\u00bb][et_pb_column type=\u00bb1_4&#8243; _builder_version=\u00bb4.22.1&#8243; _module_preset=\u00bbdefault\u00bb global_colors_info=\u00bb{}\u00bb][et_pb_image src=\u00bbhttps:\/\/eticaybioetica.facmed.unam.mx\/wp-content\/uploads\/2026\/03\/Conferencias-presenciales-de-bioetica.png\u00bb alt=\u00bbLa mentira y la medicina\u00bb title_text=\u00bbConferencias presenciales de bio\u00e9tica\u00bb _builder_version=\u00bb4.22.1&#8243; _module_preset=\u00bbdefault\u00bb global_colors_info=\u00bb{}\u00bb][\/et_pb_image][\/et_pb_column][et_pb_column type=\u00bb1_4&#8243; _builder_version=\u00bb4.22.1&#8243; _module_preset=\u00bbdefault\u00bb global_colors_info=\u00bb{}\u00bb][et_pb_text _builder_version=\u00bb4.22.1&#8243; _module_preset=\u00bbdefault\u00bb global_colors_info=\u00bb{}\u00bb]<\/p>\n<p>CICLO DE CONFERENCIAS | \u00c9tica y Bio\u00e9tica<br \/>\ud83d\udce2 Te invitamos a la conferencia \u201cLa mentira y la medicina\u201d<br \/>\ud83e\ude7a Dilemas \u00e9ticos de los profesionales de la salud<br \/>\ud83d\udc68\u200d\u2695\ufe0f Dr. Alberto Lifshitz<br \/>\ud83d\udcc5 26 de febrero de 2026<br \/>\u23f0 10:00 a 11:30 horas<br \/>\ud83d\udccd Auditorio Dr. Fernando Ocaranza<br \/>\ud83d\udcf2 Transmisi\u00f3n por Facebook Live y YouTube<\/p>\n<p>Si te lo perdiste, puedes verla aqu\u00ed:<\/p>\n<p>[\/et_pb_text][et_pb_button button_url=\u00bbhttps:\/\/www.youtube.com\/watch?v=LVu93WAN4qI&#038;t=319s\u00bb button_text=\u00bbVer conferencia\u00bb _builder_version=\u00bb4.22.1&#8243; _module_preset=\u00bbdefault\u00bb custom_button=\u00bbon\u00bb button_text_color=\u00bb#AED3EB\u00bb global_colors_info=\u00bb{}\u00bb][\/et_pb_button][\/et_pb_column][et_pb_column type=\u00bb1_4&#8243; _builder_version=\u00bb4.22.1&#8243; _module_preset=\u00bbdefault\u00bb global_colors_info=\u00bb{}\u00bb][et_pb_image src=\u00bbhttps:\/\/eticaybioetica.facmed.unam.mx\/wp-content\/uploads\/2026\/03\/Flyer-Ethinkers.png\u00bb title_text=\u00bbFlyer Ethinkers\u00bb _builder_version=\u00bb4.22.1&#8243; _module_preset=\u00bbdefault\u00bb global_colors_info=\u00bb{}\u00bb][\/et_pb_image][\/et_pb_column][et_pb_column type=\u00bb1_4&#8243; _builder_version=\u00bb4.22.1&#8243; _module_preset=\u00bbdefault\u00bb global_colors_info=\u00bb{}\u00bb][et_pb_text _builder_version=\u00bb4.22.1&#8243; _module_preset=\u00bbdefault\u00bb text_line_height=\u00bb1.3em\u00bb max_width=\u00bb94%\u00bb custom_margin=\u00bb|-47px||-47px|false|true\u00bb global_colors_info=\u00bb{}\u00bb]<\/p>\n<p><strong>Reflexi\u00f3n, Caf\u00e9 y Comunidad: <\/strong><\/p>\n<p>As\u00ed se vivi\u00f3 el c\u00edrculo <strong>\u00abEthinkers\u00bb<\/strong> sobre Curr\u00edculo Oculto<br \/>El pasado <strong>13 de marzo<\/strong>, en el aula A 003 de la Facultad de Medicina de la UNAM, nos reunimos para una sesi\u00f3n especial de Ethinkers, un espacio dise\u00f1ado para hablar de lo que normalmente no se ense\u00f1a en las aulas. En esta ocasi\u00f3n, el di\u00e1logo gir\u00f3 en torno al curr\u00edculo oculto y c\u00f3mo este moldea nuestra formaci\u00f3n como profesionales de la salud.<br \/>Un espacio seguro para pensar la medicina<br \/>Lejos de las c\u00e1tedras tradicionales, este c\u00edrculo de reflexi\u00f3n se convirti\u00f3 en un punto de encuentro horizontal donde estudiantes y especialistas compartieron sus perspectivas sin jerarqu\u00edas. Entre caf\u00e9, t\u00e9 y galletas, la din\u00e1mica nos permiti\u00f3 cuestionar esas ense\u00f1anzas impl\u00edcitas, costumbres y comportamientos que vivimos a diario en el \u00e1mbito hospitalario y acad\u00e9mico.<\/p>\n<p>[\/et_pb_text][\/et_pb_column][\/et_pb_row][et_pb_row _builder_version=\u00bb4.22.1&#8243; _module_preset=\u00bbdefault\u00bb background_color=\u00bb#053967&#8243; width=\u00bb100%\u00bb max_width=\u00bb2335px\u00bb max_height=\u00bb797px\u00bb custom_margin=\u00bb-22px||0px||false|false\u00bb global_colors_info=\u00bb{}\u00bb][et_pb_column type=\u00bb4_4&#8243; _builder_version=\u00bb4.22.1&#8243; _module_preset=\u00bbdefault\u00bb global_colors_info=\u00bb{}\u00bb][et_pb_text _builder_version=\u00bb4.22.1&#8243; _module_preset=\u00bbdefault\u00bb hover_enabled=\u00bb0&#8243; global_colors_info=\u00bb{}\u00bb sticky_enabled=\u00bb0&#8243;]<\/p>\n<h2 style=\"text-align: center;\"><span style=\"color: #ffffff;\">CONFERENCIAS DEL CICLO<br \/>\n\u00abAgenda de Salud Sostenible 2030\/OPS\u00bb<\/span><\/h2>\n<p>[\/et_pb_text][\/et_pb_column][\/et_pb_row][et_pb_row column_structure=\u00bb1_4,1_4,1_4,1_4&#8243; use_custom_gutter=\u00bbon\u00bb make_equal=\u00bbon\u00bb _builder_version=\u00bb4.22.1&#8243; _module_preset=\u00bbdefault\u00bb background_color=\u00bbrgba(215,228,234,0.85)\u00bb width=\u00bb100%\u00bb max_width=\u00bb1841px\u00bb box_shadow_style=\u00bbpreset2&#8243; global_colors_info=\u00bb{}\u00bb][et_pb_column type=\u00bb1_4&#8243; _builder_version=\u00bb4.22.1&#8243; _module_preset=\u00bbdefault\u00bb global_colors_info=\u00bb{}\u00bb][et_pb_image src=\u00bbhttps:\/\/eticaybioetica.facmed.unam.mx\/wp-content\/uploads\/2026\/03\/1.png\u00bb alt=\u00bbObjetivo 6 Agenda de Salud Sostenible\u00bb title_text=\u00bbObjetivo 6 Agenda de Salud Sostenible\u00bb admin_label=\u00bbImagen\u00bb _builder_version=\u00bb4.22.1&#8243; _module_preset=\u00bbdefault\u00bb global_colors_info=\u00bb{}\u00bb][\/et_pb_image][et_pb_button button_url=\u00bbhttps:\/\/www.youtube.com\/live\/fzyLQO6Ga94?si=Foh6_dtj_i3f7-CY\u00bb button_text=\u00bbVer conferencia virtual\u00bb button_alignment=\u00bbcenter\u00bb admin_label=\u00bbBot\u00f3n conferencia Objetivo 6&#8243; _builder_version=\u00bb4.22.1&#8243; _module_preset=\u00bbdefault\u00bb custom_button=\u00bbon\u00bb button_text_color=\u00bb#FFFFFF\u00bb hover_enabled=\u00bb0&#8243; global_colors_info=\u00bb{}\u00bb button_bg_color=\u00bb#C0ADCF\u00bb button_bg_enable_color=\u00bbon\u00bb sticky_enabled=\u00bb0&#8243;][\/et_pb_button][\/et_pb_column][et_pb_column type=\u00bb1_4&#8243; admin_label=\u00bbColumna\u00bb _builder_version=\u00bb4.22.1&#8243; _module_preset=\u00bbdefault\u00bb global_colors_info=\u00bb{}\u00bb][et_pb_image src=\u00bbhttps:\/\/eticaybioetica.facmed.unam.mx\/wp-content\/uploads\/2026\/03\/4.png\u00bb alt=\u00bbObjetivo 5 Agenda de Salud Sostenible\u00bb title_text=\u00bbObjetivo 5 Agenda de Salud Sostenible\u00bb _builder_version=\u00bb4.22.1&#8243; _module_preset=\u00bbdefault\u00bb global_colors_info=\u00bb{}\u00bb][\/et_pb_image][et_pb_button button_url=\u00bbhttps:\/\/www.youtube.com\/watch?v=ZnET3tcPVlU&#038;t=5s\u00bb button_text=\u00bbVer conferencia virtual\u00bb button_alignment=\u00bbcenter\u00bb admin_label=\u00bbBot\u00f3n conferencia Objetivo 6&#8243; _builder_version=\u00bb4.22.1&#8243; _module_preset=\u00bbdefault\u00bb custom_button=\u00bbon\u00bb button_text_color=\u00bb#FFFFFF\u00bb hover_enabled=\u00bb0&#8243; global_colors_info=\u00bb{}\u00bb button_bg_color=\u00bb#C0ADCF\u00bb button_bg_enable_color=\u00bbon\u00bb sticky_enabled=\u00bb0&#8243;][\/et_pb_button][\/et_pb_column][et_pb_column type=\u00bb1_4&#8243; _builder_version=\u00bb4.22.1&#8243; _module_preset=\u00bbdefault\u00bb global_colors_info=\u00bb{}\u00bb][et_pb_image src=\u00bbhttps:\/\/eticaybioetica.facmed.unam.mx\/wp-content\/uploads\/2026\/03\/5.png\u00bb alt=\u00bbObjetivo 4. Agenda de Salud Sostenible\u00bb title_text=\u00bbObjetivo 4. Agenda de Salud Sostenible\u00bb _builder_version=\u00bb4.22.1&#8243; _module_preset=\u00bbdefault\u00bb global_colors_info=\u00bb{}\u00bb][\/et_pb_image][et_pb_button button_url=\u00bbhttps:\/\/www.youtube.com\/watch?v=Z6Aa4-Qsblg&#038;t=26s\u00bb button_text=\u00bbVer conferencia virtual\u00bb button_alignment=\u00bbcenter\u00bb admin_label=\u00bbBot\u00f3n conferencia Objetivo 6&#8243; _builder_version=\u00bb4.22.1&#8243; _module_preset=\u00bbdefault\u00bb custom_button=\u00bbon\u00bb button_text_color=\u00bb#FFFFFF\u00bb hover_enabled=\u00bb0&#8243; global_colors_info=\u00bb{}\u00bb button_bg_color=\u00bb#C0ADCF\u00bb button_bg_enable_color=\u00bbon\u00bb sticky_enabled=\u00bb0&#8243;][\/et_pb_button][\/et_pb_column][et_pb_column type=\u00bb1_4&#8243; _builder_version=\u00bb4.22.1&#8243; _module_preset=\u00bbdefault\u00bb global_colors_info=\u00bb{}\u00bb][et_pb_image src=\u00bbhttps:\/\/eticaybioetica.facmed.unam.mx\/wp-content\/uploads\/2026\/03\/7.png\u00bb alt=\u00bbObjetivos Agenda de Salud Sostenible\u00bb title_text=\u00bbObjetivos Agenda de Salud Sostenible\u00bb _builder_version=\u00bb4.22.1&#8243; _module_preset=\u00bbdefault\u00bb global_colors_info=\u00bb{}\u00bb][\/et_pb_image][et_pb_button button_url=\u00bbhttps:\/\/www.youtube.com\/live\/wcmVBstFFq4?si=Vpa_4KS5vAcZ64Or\u00bb button_text=\u00bbVer conferencia virtual\u00bb button_alignment=\u00bbcenter\u00bb admin_label=\u00bbBot\u00f3n conferencia Objetivo 6&#8243; _builder_version=\u00bb4.22.1&#8243; _module_preset=\u00bbdefault\u00bb custom_button=\u00bbon\u00bb button_text_color=\u00bb#FFFFFF\u00bb hover_enabled=\u00bb0&#8243; global_colors_info=\u00bb{}\u00bb button_bg_color=\u00bb#C0ADCF\u00bb button_bg_enable_color=\u00bbon\u00bb sticky_enabled=\u00bb0&#8243;][\/et_pb_button][\/et_pb_column][\/et_pb_row][\/et_pb_section]<\/p>\n","protected":false},"excerpt":{"rendered":"<p>Consulta mes a mes nuestra cartelera de eventos, conferencias y charlas sobre \u00e9tica y bio\u00e9tica. <\/p>\n","protected":false},"author":1,"featured_media":0,"parent":0,"menu_order":0,"comment_status":"closed","ping_status":"closed","template":"","meta":{"_et_pb_use_builder":"on","_et_pb_old_content":"<p><span style=\"color: #bde491; font-weight: bold; font-size: 50px;\">\u00c9tica<\/span> <span style=\"color: #91d2dc; font-weight: bold; font-size: 50px;\">y<\/span> <span style=\"color: #c090c5; font-weight: bold; font-size: 50px;\">Bio\u00e9tica<\/span> <span style=\"color: #123456; font-weight: 900; font-size: 50px;\">FACMED<\/span><\/p>\r\n<p><span style=\"color: #91d2dc; font-weight: 900;\">Club de lectura y an\u00e1lisis de casos<\/span><br \/><span style=\"font-weight: 200; font-size: 27px;\">Principio de autonom\u00eda como manifestaci\u00f3n de la libertad en casos de donaci\u00f3n de \u00f3rganos<\/span><br \/>Abril 08, 2019<br \/>Auditorio \"Dr. Raoul Fournier Villada\"<br \/>[<span style=\"color: #91d2dc;\"><a style=\"color: #91d2dc;\" href=\"https:\/\/eticaybioetica.facmed.unam.mx\/index.php\/analisis_casos_20190408\/\">Casos<\/a><\/span>] [<a style=\"color: #91d2dc;\" href=\"https:\/\/youtu.be\/iFUkqR3ZduA\" target=\"_blank\" rel=\"noopener noreferrer\">Video<\/a>]<\/p>\r\n<p><span style=\"color: #bde491; font-weight: 900;\">Cine Foro<\/span><br \/><span style=\"font-weight: 200; font-size: 27px;\">Hippocrate<\/span><br \/>Marzo 25, 2019<br \/>13:00 - 16:00 horas<br \/>Auditorio \"Dr. Fernando Ocaranza\"<br \/>[<a style=\"color: #bde491;\" href=\"http:\/\/www.facmed.unam.mx\/_gaceta\/gaceta\/abr082k19\/g_abr082k19.pdf#page=13\" target=\"_blank\" rel=\"noopener noreferrer\">Gaceta FM<\/a>]<\/p>\r\n<p><span style=\"color: #c090c5; font-weight: 900;\">Debate<\/span><br \/><span style=\"font-weight: 200; font-size: 27px;\">Debate Voluntades Anticipadas: Alcances e Implicaciones<\/span><br \/>Marzo 04, 2019<br \/>13:00 - 15:00 horas<br \/>Auditorio \"Dr. Raoul Fournier Villada\"<br \/>[<a style=\"color: #c090c5;\" href=\"http:\/\/www.facmed.unam.mx\/_gaceta\/gaceta\/mar112k19\/g_mar112k19.pdf#page=4\" target=\"_blank\" rel=\"noopener noreferrer\">Gaceta FM<\/a>] [<a style=\"color: #c090c5;\" href=\"https:\/\/youtu.be\/ZpbidiAiI1g\" target=\"_blank\" rel=\"noopener noreferrer\">Video<\/a>]<\/p>\r\n<!-- wp:divi\/placeholder \/-->","_et_gb_content_width":"","footnotes":""},"class_list":["post-26","page","type-page","status-publish","hentry"],"jetpack-related-posts":[],"jetpack_sharing_enabled":true,"_links":{"self":[{"href":"https:\/\/eticaybioetica.facmed.unam.mx\/index.php\/wp-json\/wp\/v2\/pages\/26","targetHints":{"allow":["GET"]}}],"collection":[{"href":"https:\/\/eticaybioetica.facmed.unam.mx\/index.php\/wp-json\/wp\/v2\/pages"}],"about":[{"href":"https:\/\/eticaybioetica.facmed.unam.mx\/index.php\/wp-json\/wp\/v2\/types\/page"}],"author":[{"embeddable":true,"href":"https:\/\/eticaybioetica.facmed.unam.mx\/index.php\/wp-json\/wp\/v2\/users\/1"}],"replies":[{"embeddable":true,"href":"https:\/\/eticaybioetica.facmed.unam.mx\/index.php\/wp-json\/wp\/v2\/comments?post=26"}],"version-history":[{"count":32,"href":"https:\/\/eticaybioetica.facmed.unam.mx\/index.php\/wp-json\/wp\/v2\/pages\/26\/revisions"}],"predecessor-version":[{"id":2068,"href":"https:\/\/eticaybioetica.facmed.unam.mx\/index.php\/wp-json\/wp\/v2\/pages\/26\/revisions\/2068"}],"wp:attachment":[{"href":"https:\/\/eticaybioetica.facmed.unam.mx\/index.php\/wp-json\/wp\/v2\/media?parent=26"}],"curies":[{"name":"wp","href":"https:\/\/api.w.org\/{rel}","templated":true}]}}